{"id":44,"date":"2024-08-31T14:37:10","date_gmt":"2024-08-31T14:37:10","guid":{"rendered":"https:\/\/teitra.wabenwelt.eu\/?page_id=44"},"modified":"2024-09-06T16:13:14","modified_gmt":"2024-09-06T16:13:14","slug":"home","status":"publish","type":"page","link":"https:\/\/teitra.wabenwelt.eu\/","title":{"rendered":"Home"},"content":{"rendered":"\n<div class=\"wp-block-uagb-container uagb-block-fe33956c alignfull uagb-is-root-container\"><div class=\"uagb-container-inner-blocks-wrap\">\n<div class=\"wp-block-uagb-container uagb-block-a0e04aa9\">\n<div class=\"wp-block-uagb-info-box uagb-block-a34fb5c1 uagb-infobox__content-wrap  uagb-infobox-icon-above-title uagb-infobox-image-valign-top\"><div class=\"uagb-ifb-content\"><div class=\"uagb-ifb-title-wrap\"><span class=\"uagb-ifb-title-prefix\">K\u00fchlfahrzeuge von Profis<\/span><h1 class=\"uagb-ifb-title\">Zuverl\u00e4ssiger Transport von temperatursensiblen G\u00fctern<\/h1><\/div><p class=\"uagb-ifb-desc\">Mit unseren spezialisierten K\u00fchlfahrzeugen bieten wir ma\u00dfgeschneiderte Transportl\u00f6sungen f\u00fcr Ihre Frischwaren. Vertrauen Sie auf unsere Expertise!<\/p><div class=\"uagb-ifb-button-wrapper wp-block-button\"><a href=\"contact\/\" class=\"uagb-infobox-cta-link wp-block-button__link\" target=\"_self\" rel=\"noopener noreferrer\" onclick=\"return true;\"><span class=\"uagb-inline-editing\">Mehr erfahren<\/span><\/a><\/div><\/div><\/div>\n<\/div>\n\n\n\n<div class=\"wp-block-uagb-container uagb-block-51fab4c3\">\n<div class=\"wp-block-uagb-image alignright uagb-block-f8bf606c wp-block-uagb-image--layout-default wp-block-uagb-image--effect-static wp-block-uagb-image--align-right\"><figure class=\"wp-block-uagb-image__figure\"><img loading=\"lazy\" decoding=\"async\" srcset=\"https:\/\/teitra.wabenwelt.eu\/wp-content\/uploads\/2024\/08\/cars-on-road-during-night-2694920.jpeg ,https:\/\/teitra.wabenwelt.eu\/wp-content\/uploads\/2024\/08\/cars-on-road-during-night-2694920.jpeg 780w, https:\/\/teitra.wabenwelt.eu\/wp-content\/uploads\/2024\/08\/cars-on-road-during-night-2694920.jpeg 360w\" sizes=\"auto, (max-width: 480px) 150px\" src=\"https:\/\/teitra.wabenwelt.eu\/wp-content\/uploads\/2024\/08\/cars-on-road-during-night-2694920.jpeg\" alt=\"\" class=\"uag-image-1007\" width=\"590\" height=\"570\" title=\"\" loading=\"lazy\" role=\"img\"\/><\/figure><\/div>\n<\/div>\n<\/div><\/div>\n\n\n\n<div class=\"wp-block-uagb-container uagb-block-d5f10034 alignfull uagb-is-root-container\"><div class=\"uagb-container-inner-blocks-wrap\">\n<div class=\"wp-block-uagb-info-box uagb-block-09f44e8d uagb-infobox__content-wrap  uagb-infobox-icon-above-title uagb-infobox-image-valign-top\"><div class=\"uagb-ifb-content\"><div class=\"uagb-ifb-title-wrap\"><span class=\"uagb-ifb-title-prefix\">Unsere Vorteile im \u00dcberblick<\/span><h2 class=\"uagb-ifb-title\">Warum Sie uns w\u00e4hlen sollten<\/h2><\/div><\/div><\/div>\n\n\n\n<div class=\"wp-block-uagb-container uagb-block-c80ba8af default uagb-is-root-container\">\n<div class=\"wp-block-uagb-container uagb-block-99cf6a1c\">\n<div class=\"wp-block-uagb-advanced-heading uagb-block-7f38be20\"><h3 class=\"uagb-heading-text\">Temperaturkontrolle<\/h3><div class=\"uagb-separator\"><\/div><p class=\"uagb-desc-text\">Unsere K\u00fchlfahrzeuge gew\u00e4hrleisten eine pr\u00e4zise Temperaturkontrolle, um die Qualit\u00e4t Ihrer Produkte zu sichern. Verlassen Sie sich auf unsere modernen K\u00fchltechnologien!<\/p><\/div>\n<\/div>\n\n\n\n<div class=\"wp-block-uagb-container uagb-block-81e7bf73\">\n<div class=\"wp-block-uagb-advanced-heading uagb-block-49a5ea2b\"><h3 class=\"uagb-heading-text\">P\u00fcnktliche Lieferungen<\/h3><div class=\"uagb-separator\"><\/div><p class=\"uagb-desc-text\">Wir garantieren termingerechte Zustellungen, damit Ihre Frischwaren stets frisch bei Ihren Kunden ankommen. Verlass ist unsere St\u00e4rke!<\/p><\/div>\n<\/div>\n\n\n\n<div class=\"wp-block-uagb-container uagb-block-98d893bb\">\n<div class=\"wp-block-uagb-advanced-heading uagb-block-07b55cab\"><h3 class=\"uagb-heading-text\">Kundenorientierter Service<\/h3><div class=\"uagb-separator\"><\/div><p class=\"uagb-desc-text\">Unser erfahrenes Team steht Ihnen jederzeit zur Verf\u00fcgung, um Ihre individuellen Anforderungen zu erf\u00fcllen. Kundenzufriedenheit steht bei uns an erster Stelle!<\/p><\/div>\n<\/div>\n<\/div>\n<\/div><\/div>\n\n\n\n<div class=\"wp-block-uagb-container uagb-block-91f38dd4 alignfull uagb-is-root-container\"><div class=\"uagb-container-inner-blocks-wrap\">\n<div class=\"wp-block-uagb-info-box uagb-block-3c22c815 uagb-infobox__content-wrap  uagb-infobox-icon-above-title uagb-infobox-image-valign-top\"><div class=\"uagb-ifb-content\"><div class=\"uagb-ifb-title-wrap\"><span class=\"uagb-ifb-title-prefix\">Schnell und zuverl\u00e4ssig:<\/span><h3 class=\"uagb-ifb-title\">K\u00fchlfahrzeuge f\u00fcr Ihre speziellen Transportbed\u00fcrfnisse<\/h3><\/div><p class=\"uagb-ifb-desc\">Profitieren Sie von unserem umfassenden Serviceangebot rund um den Transport von temperatursensiblen G\u00fctern.<\/p><\/div><\/div>\n\n\n\n<div class=\"wp-block-uagb-icon-list uagb-block-c659cfe3\"><div class=\"uagb-icon-list__wrap\">\n<div class=\"wp-block-uagb-icon-list-child uagb-block-3137c1f3\"><span class=\"uagb-icon-list__source-wrap\"><svg xmlns=\"https:\/\/www.w3.org\/2000\/svg\" viewBox=\"0 0 512 512\"><path d=\"M18.92 351.2l108.5-46.52c12.78-5.531 27.77-1.801 36.45 8.98l44.09 53.82c69.25-34 125.5-90.31 159.5-159.5l-53.81-44.04c-10.75-8.781-14.41-23.69-8.974-36.47l46.51-108.5c6.094-13.91 21.1-21.52 35.79-18.11l100.8 23.25c14.25 3.25 24.22 15.8 24.22 30.46c0 252.3-205.2 457.5-457.5 457.5c-14.67 0-27.18-9.968-30.45-24.22l-23.25-100.8C-2.571 372.4 5.018 357.2 18.92 351.2z\"><\/path><\/svg><\/span><span class=\"uagb-icon-list__label\">040 \/ 52 57 00 69<\/span><\/div>\n<\/div><\/div>\n<\/div><\/div>\n\n\n\n<div class=\"wp-block-uagb-container uagb-block-3b21870e alignfull uagb-is-root-container\"><div class=\"uagb-container-inner-blocks-wrap\">\n<div class=\"wp-block-uagb-container uagb-block-d797de59 default uagb-is-root-container\">\n<div class=\"wp-block-uagb-container uagb-block-cbdce8a8\">\n<div class=\"wp-block-uagb-info-box uagb-block-31041a7c uagb-infobox__content-wrap  uagb-infobox-icon-above-title uagb-infobox-image-valign-top\"><div class=\"uagb-ifb-content\"><div class=\"uagb-ifb-title-wrap\"><span class=\"uagb-ifb-title-prefix\">Transportdienstleistungen<\/span><h2 class=\"uagb-ifb-title\">Unsere Angebote im \u00dcberblick<\/h2><\/div><p class=\"uagb-ifb-desc\">Entdecken Sie unsere breite Palette an Transportdienstleistungen f\u00fcr K\u00fchlfahrzeuge.<\/p><\/div><\/div>\n\n\n\n<div class=\"wp-block-uagb-buttons uagb-buttons__outer-wrap uagb-btn__default-btn uagb-btn-tablet__default-btn uagb-btn-mobile__default-btn uagb-block-bb24274c\"><div class=\"uagb-buttons__wrap uagb-buttons-layout-wrap \">\n<div class=\"wp-block-uagb-buttons-child uagb-buttons__outer-wrap uagb-block-a4b0df7d wp-block-button\"><div class=\"uagb-button__wrapper\"><a class=\"uagb-buttons-repeater wp-block-button__link\" aria-label=\"\" href=\"services\/\" rel=\"follow noopener\" target=\"_self\" role=\"button\"><div class=\"uagb-button__link\">Alle Dienstleistungen<\/div><\/a><\/div><\/div>\n<\/div><\/div>\n<\/div>\n\n\n\n<div class=\"wp-block-uagb-container uagb-block-3c44d76c\">\n<div class=\"wp-block-uagb-container uagb-block-e488d87c\">\n<div class=\"wp-block-uagb-advanced-heading uagb-block-4ef09f1d\"><h3 class=\"uagb-heading-text\">K\u00fchltransport<\/h3><p class=\"uagb-desc-text\">Zuverl\u00e4ssiger K\u00fchltransport f\u00fcr sensible Fracht mit modernen K\u00fchlfahrzeugen und erfahrenen Fahrern.<\/p><\/div>\n<\/div>\n\n\n\n<div class=\"wp-block-uagb-container uagb-block-7c878b31\">\n<div class=\"wp-block-uagb-advanced-heading uagb-block-c3a12934\"><h3 class=\"uagb-heading-text\">Temperatur\u00fcberwachung<\/h3><p class=\"uagb-desc-text\">Permanente Temperatur\u00fcberwachung w\u00e4hrend des Transports f\u00fcr optimale Bedingungen und Frischegarantie.<\/p><\/div>\n<\/div>\n\n\n\n<div class=\"wp-block-uagb-container uagb-block-8f6beb5f\">\n<div class=\"wp-block-uagb-advanced-heading uagb-block-61fe29ac\"><h3 class=\"uagb-heading-text\">Expresslieferung<\/h3><p class=\"uagb-desc-text\">Schnelle und flexible Expresslieferungen f\u00fcr zeitkritische und temperatursensible G\u00fcter.<\/p><\/div>\n<\/div>\n<\/div>\n<\/div>\n<\/div><\/div>\n\n\n\n<div class=\"wp-block-uagb-container uagb-block-f279b721 alignfull uagb-is-root-container\"><div class=\"uagb-container-inner-blocks-wrap\">\n<div class=\"wp-block-uagb-container uagb-block-d3185010 default uagb-is-root-container\">\n<div class=\"wp-block-uagb-container uagb-block-45831259\">\n<div class=\"wp-block-uagb-advanced-heading uagb-block-0242b15f\"><h2 class=\"uagb-heading-text\">Was unsere Kunden \u00fcber uns sagen<\/h2><\/div>\n<\/div>\n\n\n\n<div class=\"wp-block-uagb-container uagb-block-af668a72\">\n<div class=\"wp-block-uagb-star-rating uagb-block-4fa5d13e\"><div class=\"uag-star-rating\" title=\"5\/5\"><span class=\"uag-star\">\u2605<\/span><span class=\"uag-star\">\u2605<\/span><span class=\"uag-star\">\u2605<\/span><span class=\"uag-star\">\u2605<\/span><span class=\"uag-star\">\u2605<\/span><\/div><\/div>\n\n\n\n<div class=\"wp-block-uagb-icon-list uagb-block-cd26d2b7\"><div class=\"uagb-icon-list__wrap\">\n<div class=\"wp-block-uagb-icon-list-child uagb-block-90c43d4c\"><span class=\"uagb-icon-list__source-wrap\"><svg xmlns=\"https:\/\/www.w3.org\/2000\/svg\" viewBox=\"0 0 488 512\"><path d=\"M488 261.8C488 403.3 391.1 504 248 504 110.8 504 0 393.2 0 256S110.8 8 248 8c66.8 0 123 24.5 166.3 64.9l-67.5 64.9C258.5 52.6 94.3 116.6 94.3 256c0 86.5 69.1 156.6 153.7 156.6 98.2 0 135-70.4 140.8-106.9H248v-85.3h236.1c2.3 12.7 3.9 24.9 3.9 41.4z\"><\/path><\/svg><\/span><span class=\"uagb-icon-list__label\">Basierend auf Google-Rezensionen<\/span><\/div>\n<\/div><\/div>\n<\/div>\n\n\n\n<div class=\"wp-block-uagb-container uagb-block-21e4bab2\">\n<div class=\"wp-block-uagb-star-rating uagb-block-ced719e6\"><div class=\"uag-star-rating\" title=\"5\/5\"><span class=\"uag-star\">\u2605<\/span><span class=\"uag-star\">\u2605<\/span><span class=\"uag-star\">\u2605<\/span><span class=\"uag-star\">\u2605<\/span><span class=\"uag-star\">\u2605<\/span><\/div><\/div>\n\n\n\n<div class=\"wp-block-uagb-icon-list uagb-block-bd945c88\"><div class=\"uagb-icon-list__wrap\">\n<div class=\"wp-block-uagb-icon-list-child uagb-block-ae5930dd\"><span class=\"uagb-icon-list__source-wrap\"><svg xmlns=\"https:\/\/www.w3.org\/2000\/svg\" viewBox=\"0 0 384 512\"><path d=\"M42.9 240.3l99.62 48.61c19.2 9.4 16.2 37.51-4.5 42.71L30.5 358.5a22.79 22.79 0 0 1 -28.21-19.6 197.2 197.2 0 0 1 9-85.32 22.8 22.8 0 0 1 31.61-13.21zm44 239.3a199.4 199.4 0 0 0 79.42 32.11A22.78 22.78 0 0 0 192.9 490l3.9-110.8c.7-21.3-25.5-31.91-39.81-16.1l-74.21 82.4a22.82 22.82 0 0 0 4.09 34.09zm145.3-109.9l58.81 94a22.93 22.93 0 0 0 34 5.5 198.4 198.4 0 0 0 52.71-67.61A23 23 0 0 0 364.2 370l-105.4-34.26c-20.31-6.5-37.81 15.8-26.51 33.91zm148.3-132.2a197.4 197.4 0 0 0 -50.41-69.31 22.85 22.85 0 0 0 -34 4.4l-62 91.92c-11.9 17.7 4.7 40.61 25.2 34.71L366 268.6a23 23 0 0 0 14.61-31.21zM62.11 30.18a22.86 22.86 0 0 0 -9.9 32l104.1 180.4c11.7 20.2 42.61 11.9 42.61-11.4V22.88a22.67 22.67 0 0 0 -24.5-22.8 320.4 320.4 0 0 0 -112.3 30.1z\"><\/path><\/svg><\/span><span class=\"uagb-icon-list__label\">Basierend auf Yelp-Rezensionen<\/span><\/div>\n<\/div><\/div>\n<\/div>\n<\/div>\n\n\n\n<div class=\"wp-block-uagb-container uagb-block-58c13273 default uagb-is-root-container\">\n<div class=\"wp-block-uagb-container uagb-block-287b9659\">      \n\t\t\t<div class=\"uagb-icon-wrapper uagb-block-b08d0f5a  wp-block-uagb-icon--has-margin    \"\n\t\t\tstyle=\"\" >\n\t\t\t\t\t\t\t\t<div class='uagb-icon-margin-wrapper'>\n\t\t\t\t\t\t\t\t\t<span class=\"uagb-svg-wrapper\" \n\t\t\t\t\t aria-label=\"quote-left\"\t\t\t\t\ttabindex=\"0\">\t\t\n\t\t\t\t\t\t\t\t\t\t<svg xmlns=\"https:\/\/www.w3.org\/2000\/svg\" viewBox= \"0 0 448 512\" role=\"graphics-symbol\" aria-hidden=\"false\" aria-label=\"\"><path d=\"M96 224C84.72 224 74.05 226.3 64 229.9V224c0-35.3 28.7-64 64-64c17.67 0 32-14.33 32-32S145.7 96 128 96C57.42 96 0 153.4 0 224v96c0 53.02 42.98 96 96 96s96-42.98 96-96S149 224 96 224zM352 224c-11.28 0-21.95 2.305-32 5.879V224c0-35.3 28.7-64 64-64c17.67 0 32-14.33 32-32s-14.33-32-32-32c-70.58 0-128 57.42-128 128v96c0 53.02 42.98 96 96 96s96-42.98 96-96S405 224 352 224z\"><\/path><\/svg>\n\t\t\t\t\t\t\t\t\t<\/span>\n\t\t\t\t\t\t\t\t<\/div>\n\t\t\t\t\t\t\t<\/div>\n\t\t\t\n\n\n<div class=\"wp-block-uagb-testimonial uagb-slick-carousel uagb-tm__arrow-outside uagb-block-f3ac667a uagb-post__carousel_notset uagb-post__carousel_notset-tablet uagb-post__carousel_notset-mobile\"><div class=\"is-carousel uagb-tm__columns-1 uagb-tm__items\"><div class=\"uagb-testimonial__wrap  uagb-tm__imgicon-style-circle uagb-tm__image-position-bottom uagb-tm__bg-type-none \"><div class=\"uagb-tm__content\"><div class=\"uagb-tm__overlay\"><\/div><div class=\"uagb-tm__text-wrap\"><div class=\"uagb-tm__desc\">Die Firma Transportation Service hat unsere Erwartungen \u00fcbertroffen. Hervorragender Service und p\u00fcnktliche Lieferungen. Empfehlenswert!<\/div><div class=\"uagb-tm__meta-inner\"><div class=\"uagb-tm__image-content\"><div class=\"uagb-tm__image\"><img loading=\"lazy\" decoding=\"async\" class=\"uagb-tm-img-src\" src=\"https:\/\/teitra.wabenwelt.eu\/wp-content\/uploads\/2023\/08\/testimonial-skip-03.jpg\" alt=\"\" width=\"50\" height=\"50\" loading=\"lazy\"\/><\/div><\/div><div class=\"uagb-testimonial-details\"><span class=\"uagb-tm__author-name\">Max Mustermann<\/span><span class=\"uagb-tm__company\"><\/span><\/div><\/div><\/div><\/div><\/div><\/div><\/div>\n<\/div>\n\n\n\n<div class=\"wp-block-uagb-container uagb-block-6daed4cb\">      \n\t\t\t<div class=\"uagb-icon-wrapper uagb-block-a1c44d3c  wp-block-uagb-icon--has-margin    \"\n\t\t\tstyle=\"\" >\n\t\t\t\t\t\t\t\t<div class='uagb-icon-margin-wrapper'>\n\t\t\t\t\t\t\t\t\t<span class=\"uagb-svg-wrapper\" \n\t\t\t\t\t aria-label=\"quote-left\"\t\t\t\t\ttabindex=\"0\">\t\t\n\t\t\t\t\t\t\t\t\t\t<svg xmlns=\"https:\/\/www.w3.org\/2000\/svg\" viewBox= \"0 0 448 512\" role=\"graphics-symbol\" aria-hidden=\"false\" aria-label=\"\"><path d=\"M96 224C84.72 224 74.05 226.3 64 229.9V224c0-35.3 28.7-64 64-64c17.67 0 32-14.33 32-32S145.7 96 128 96C57.42 96 0 153.4 0 224v96c0 53.02 42.98 96 96 96s96-42.98 96-96S149 224 96 224zM352 224c-11.28 0-21.95 2.305-32 5.879V224c0-35.3 28.7-64 64-64c17.67 0 32-14.33 32-32s-14.33-32-32-32c-70.58 0-128 57.42-128 128v96c0 53.02 42.98 96 96 96s96-42.98 96-96S405 224 352 224z\"><\/path><\/svg>\n\t\t\t\t\t\t\t\t\t<\/span>\n\t\t\t\t\t\t\t\t<\/div>\n\t\t\t\t\t\t\t<\/div>\n\t\t\t\n\n\n<div class=\"wp-block-uagb-testimonial uagb-slick-carousel uagb-tm__arrow-outside uagb-block-5b90e4b9 uagb-post__carousel_notset uagb-post__carousel_notset-tablet uagb-post__carousel_notset-mobile\"><div class=\"is-carousel uagb-tm__columns-1 uagb-tm__items\"><div class=\"uagb-testimonial__wrap  uagb-tm__imgicon-style-circle uagb-tm__image-position-bottom uagb-tm__bg-type-none \"><div class=\"uagb-tm__content\"><div class=\"uagb-tm__overlay\"><\/div><div class=\"uagb-tm__text-wrap\"><div class=\"uagb-tm__desc\">Ich bin absolut zufrieden mit dem zuverl\u00e4ssigen K\u00fchlservice von Transportation Service. Meine Produkte kamen immer frisch an!<\/div><div class=\"uagb-tm__meta-inner\"><div class=\"uagb-tm__image-content\"><div class=\"uagb-tm__image\"><img loading=\"lazy\" decoding=\"async\" class=\"uagb-tm-img-src\" src=\"https:\/\/teitra.wabenwelt.eu\/wp-content\/uploads\/2023\/08\/testimonial-skip-02.jpg\" alt=\"\" width=\"50\" height=\"50\" loading=\"lazy\"\/><\/div><\/div><div class=\"uagb-testimonial-details\"><span class=\"uagb-tm__author-name\">Anna Schmidt<\/span><span class=\"uagb-tm__company\"><\/span><\/div><\/div><\/div><\/div><\/div><\/div><\/div>\n<\/div>\n\n\n\n<div class=\"wp-block-uagb-container uagb-block-28862c91\">      \n\t\t\t<div class=\"uagb-icon-wrapper uagb-block-680d2ab6  wp-block-uagb-icon--has-margin    \"\n\t\t\tstyle=\"\" >\n\t\t\t\t\t\t\t\t<div class='uagb-icon-margin-wrapper'>\n\t\t\t\t\t\t\t\t\t<span class=\"uagb-svg-wrapper\" \n\t\t\t\t\t aria-label=\"quote-left\"\t\t\t\t\ttabindex=\"0\">\t\t\n\t\t\t\t\t\t\t\t\t\t<svg xmlns=\"https:\/\/www.w3.org\/2000\/svg\" viewBox= \"0 0 448 512\" role=\"graphics-symbol\" aria-hidden=\"false\" aria-label=\"\"><path d=\"M96 224C84.72 224 74.05 226.3 64 229.9V224c0-35.3 28.7-64 64-64c17.67 0 32-14.33 32-32S145.7 96 128 96C57.42 96 0 153.4 0 224v96c0 53.02 42.98 96 96 96s96-42.98 96-96S149 224 96 224zM352 224c-11.28 0-21.95 2.305-32 5.879V224c0-35.3 28.7-64 64-64c17.67 0 32-14.33 32-32s-14.33-32-32-32c-70.58 0-128 57.42-128 128v96c0 53.02 42.98 96 96 96s96-42.98 96-96S405 224 352 224z\"><\/path><\/svg>\n\t\t\t\t\t\t\t\t\t<\/span>\n\t\t\t\t\t\t\t\t<\/div>\n\t\t\t\t\t\t\t<\/div>\n\t\t\t\n\n\n<div class=\"wp-block-uagb-testimonial uagb-slick-carousel uagb-tm__arrow-outside uagb-block-ec7e76e2 uagb-post__carousel_notset uagb-post__carousel_notset-tablet uagb-post__carousel_notset-mobile\"><div class=\"is-carousel uagb-tm__columns-1 uagb-tm__items\"><div class=\"uagb-testimonial__wrap  uagb-tm__imgicon-style-circle uagb-tm__image-position-bottom uagb-tm__bg-type-none \"><div class=\"uagb-tm__content\"><div class=\"uagb-tm__overlay\"><\/div><div class=\"uagb-tm__text-wrap\"><div class=\"uagb-tm__desc\">Transportation Service ist ein verl\u00e4sslicher Partner f\u00fcr meine Gesch\u00e4ftsanforderungen. Top-Service und professionelles Team!<\/div><div class=\"uagb-tm__meta-inner\"><div class=\"uagb-tm__image-content\"><div class=\"uagb-tm__image\"><img loading=\"lazy\" decoding=\"async\" class=\"uagb-tm-img-src\" src=\"https:\/\/teitra.wabenwelt.eu\/wp-content\/uploads\/2023\/08\/testimonial-skip-01.jpg\" alt=\"\" width=\"50\" height=\"50\" loading=\"lazy\"\/><\/div><\/div><div class=\"uagb-testimonial-details\"><span class=\"uagb-tm__author-name\">Peter M\u00fcller<\/span><span class=\"uagb-tm__company\"><\/span><\/div><\/div><\/div><\/div><\/div><\/div><\/div>\n<\/div>\n<\/div>\n<\/div><\/div>\n\n\n\n<div class=\"wp-block-uagb-container uagb-block-4b79aa7d alignfull uagb-is-root-container\"><div class=\"uagb-container-inner-blocks-wrap\">\n<div class=\"wp-block-uagb-container uagb-block-797fdda7 default uagb-is-root-container\">\n<div class=\"wp-block-uagb-container uagb-block-be841c26\">\n<div class=\"wp-block-uagb-info-box uagb-block-6358fd44 uagb-infobox__content-wrap  uagb-infobox-icon-above-title uagb-infobox-image-valign-top\"><div class=\"uagb-ifb-content\"><div class=\"uagb-ifb-title-wrap\"><span class=\"uagb-ifb-title-prefix\">Unsere Geschichte<\/span><h2 class=\"uagb-ifb-title\">Erfahren Sie mehr \u00fcber unser Unternehmen<\/h2><\/div><p class=\"uagb-ifb-desc\">Transportation Service ist ein f\u00fchrender Anbieter von K\u00fchlfahrzeugen und k\u00fcmmert sich um Ihre temperaturempfindlichen G\u00fcter mit h\u00f6chster Sorgfalt und Pr\u00e4zision.<\/p><div class=\"uagb-ifb-button-wrapper wp-block-button\"><a href=\"about\/\" class=\"uagb-infobox-cta-link wp-block-button__link\" target=\"_self\" rel=\"noopener noreferrer\" onclick=\"return true;\"><span class=\"uagb-inline-editing\">Mehr lesen<\/span><\/a><\/div><\/div><\/div>\n<\/div>\n\n\n\n<div class=\"wp-block-uagb-container uagb-block-bae3bf63\">\n<div class=\"wp-block-uagb-image alignright uagb-block-970ff8f3 wp-block-uagb-image--layout-default wp-block-uagb-image--effect-static wp-block-uagb-image--align-right\"><figure class=\"wp-block-uagb-image__figure\"><img loading=\"lazy\" decoding=\"async\" srcset=\"https:\/\/teitra.wabenwelt.eu\/wp-content\/uploads\/2024\/08\/time-lapse-photography-2280165.jpeg ,https:\/\/teitra.wabenwelt.eu\/wp-content\/uploads\/2024\/08\/time-lapse-photography-2280165.jpeg 780w, https:\/\/teitra.wabenwelt.eu\/wp-content\/uploads\/2024\/08\/time-lapse-photography-2280165.jpeg 360w\" sizes=\"auto, (max-width: 480px) 150px\" src=\"https:\/\/teitra.wabenwelt.eu\/wp-content\/uploads\/2024\/08\/time-lapse-photography-2280165.jpeg\" alt=\"\" class=\"uag-image-1006\" width=\"540\" height=\"500\" title=\"\" loading=\"lazy\" role=\"img\"\/><\/figure><\/div>\n<\/div>\n<\/div>\n<\/div><\/div>\n\n\n\n<div class=\"wp-block-uagb-container uagb-block-0d4c4cac alignfull uagb-is-root-container\"><div class=\"uagb-container-inner-blocks-wrap\">\n<div class=\"wp-block-uagb-container uagb-block-d9e8ac08 default uagb-is-root-container\">\n<div class=\"wp-block-uagb-info-box uagb-block-81b221ee uagb-infobox__content-wrap  uagb-infobox-icon-above-title uagb-infobox-image-valign-top\"><div class=\"uagb-ifb-content\"><div class=\"uagb-ifb-title-wrap\"><span class=\"uagb-ifb-title-prefix\">Bleiben Sie informiert<\/span><h3 class=\"uagb-ifb-title\">Abonnieren Sie unseren Newsletter f\u00fcr Neuigkeiten und Angebote rund um unseren K\u00fchlservice.<\/h3><\/div><\/div><\/div>\n\n\n\n<div class=\"wp-block-uagb-buttons uagb-buttons__outer-wrap uagb-btn__default-btn uagb-btn-tablet__default-btn uagb-btn-mobile__default-btn uagb-block-a954ba68\"><div class=\"uagb-buttons__wrap uagb-buttons-layout-wrap \">\n<div class=\"wp-block-uagb-buttons-child uagb-buttons__outer-wrap uagb-block-dfff009f wp-block-button\"><div class=\"uagb-button__wrapper\"><a class=\"uagb-buttons-repeater wp-block-button__link\" aria-label=\"\" href=\"\/contact\/\" rel=\"follow noopener\" target=\"_self\"><div class=\"uagb-button__link\">Mehr erfahren<\/div><\/a><\/div><\/div>\n<\/div><\/div>\n\n\n\n<div class=\"wp-block-uagb-advanced-heading uagb-block-caf4386c\"><div class=\"uagb-heading-text\">oder rufen Sie uns an unter:<\/div><\/div>\n\n\n\n<div class=\"wp-block-uagb-advanced-heading uagb-block-95575272\"><h3 class=\"uagb-heading-text\">040 \/ 52 57 00 69<\/h3><\/div>\n<\/div>\n<\/div><\/div>\n\n\n\n<p><\/p>\n","protected":false},"excerpt":{"rendered":"<p>Temperaturkontrolle Unsere K\u00fchlfahrzeuge gew\u00e4hrleisten eine pr\u00e4zise Temperaturkontrolle, um die Qualit\u00e4t Ihrer Produkte zu sichern. Verlassen Sie sich auf unsere modernen [&hellip;]<\/p>\n","protected":false},"author":4,"featured_media":0,"parent":0,"menu_order":0,"comment_status":"closed","ping_status":"closed","template":"","meta":{"_uag_custom_page_level_css":"","site-sidebar-layout":"no-sidebar","site-content-layout":"plain-container","ast-site-content-layout":"full-width-container","site-content-style":"unboxed","site-sidebar-style":"unboxed","ast-global-header-display":"","ast-banner-title-visibility":"","ast-main-header-display":"","ast-hfb-above-header-display":"","ast-hfb-below-header-display":"","ast-hfb-mobile-header-display":"","site-post-title":"disabled","ast-breadcrumbs-content":"","ast-featured-img":"","footer-sml-layout":"","ast-disable-related-posts":"","theme-transparent-header-meta":"default","adv-header-id-meta":"","stick-header-meta":"","header-above-stick-meta":"","header-main-stick-meta":"","header-below-stick-meta":"","astra-migrate-meta-layouts":"set","ast-page-background-enabled":"default","ast-page-background-meta":{"desktop":{"background-color":"var(--ast-global-color-4)","background-image":"","background-repeat":"repeat","background-position":"center center","background-size":"auto","background-attachment":"scroll","background-type":"","background-media":"","overlay-type":"","overlay-color":"","overlay-opacity":"","overlay-gradient":""},"tablet":{"background-color":"","background-image":"","background-repeat":"repeat","background-position":"center center","background-size":"auto","background-attachment":"scroll","background-type":"","background-media":"","overlay-type":"","overlay-color":"","overlay-opacity":"","overlay-gradient":""},"mobile":{"background-color":"","background-image":"","background-repeat":"repeat","background-position":"center center","background-size":"auto","background-attachment":"scroll","background-type":"","background-media":"","overlay-type":"","overlay-color":"","overlay-opacity":"","overlay-gradient":""}},"ast-content-background-meta":{"desktop":{"background-color":"var(--ast-global-color-5)","background-image":"","background-repeat":"repeat","background-position":"center center","background-size":"auto","background-attachment":"scroll","background-type":"","background-media":"","overlay-type":"","overlay-color":"","overlay-opacity":"","overlay-gradient":""},"tablet":{"background-color":"var(--ast-global-color-5)","background-image":"","background-repeat":"repeat","background-position":"center center","background-size":"auto","background-attachment":"scroll","background-type":"","background-media":"","overlay-type":"","overlay-color":"","overlay-opacity":"","overlay-gradient":""},"mobile":{"background-color":"var(--ast-global-color-5)","background-image":"","background-repeat":"repeat","background-position":"center center","background-size":"auto","background-attachment":"scroll","background-type":"","background-media":"","overlay-type":"","overlay-color":"","overlay-opacity":"","overlay-gradient":""}},"footnotes":""},"class_list":["post-44","page","type-page","status-publish","hentry"],"uagb_featured_image_src":{"full":false,"thumbnail":false,"medium":false,"medium_large":false,"large":false,"1536x1536":false,"2048x2048":false},"uagb_author_info":{"display_name":"ocjugnvd3xlb","author_link":"https:\/\/teitra.wabenwelt.eu\/?author=4"},"uagb_comment_info":0,"uagb_excerpt":"Temperaturkontrolle Unsere K\u00fchlfahrzeuge gew\u00e4hrleisten eine pr\u00e4zise Temperaturkontrolle, um die Qualit\u00e4t Ihrer Produkte zu sichern. Verlassen Sie sich auf unsere modernen [&hellip;]","_links":{"self":[{"href":"https:\/\/teitra.wabenwelt.eu\/index.php?rest_route=\/wp\/v2\/pages\/44","targetHints":{"allow":["GET"]}}],"collection":[{"href":"https:\/\/teitra.wabenwelt.eu\/index.php?rest_route=\/wp\/v2\/pages"}],"about":[{"href":"https:\/\/teitra.wabenwelt.eu\/index.php?rest_route=\/wp\/v2\/types\/page"}],"author":[{"embeddable":true,"href":"https:\/\/teitra.wabenwelt.eu\/index.php?rest_route=\/wp\/v2\/users\/4"}],"replies":[{"embeddable":true,"href":"https:\/\/teitra.wabenwelt.eu\/index.php?rest_route=%2Fwp%2Fv2%2Fcomments&post=44"}],"version-history":[{"count":3,"href":"https:\/\/teitra.wabenwelt.eu\/index.php?rest_route=\/wp\/v2\/pages\/44\/revisions"}],"predecessor-version":[{"id":1040,"href":"https:\/\/teitra.wabenwelt.eu\/index.php?rest_route=\/wp\/v2\/pages\/44\/revisions\/1040"}],"wp:attachment":[{"href":"https:\/\/teitra.wabenwelt.eu\/index.php?rest_route=%2Fwp%2Fv2%2Fmedia&parent=44"}],"curies":[{"name":"wp","href":"https:\/\/api.w.org\/{rel}","templated":true}]}}