{"id":45,"date":"2024-08-31T14:37:12","date_gmt":"2024-08-31T14:37:12","guid":{"rendered":"https:\/\/teitra.wabenwelt.eu\/?page_id=45"},"modified":"2024-09-01T11:28:12","modified_gmt":"2024-09-01T11:28:12","slug":"services","status":"publish","type":"page","link":"https:\/\/teitra.wabenwelt.eu\/?page_id=45","title":{"rendered":"Services"},"content":{"rendered":"\n<div class=\"wp-block-uagb-container uagb-block-dcb08ae1 alignfull uagb-is-root-container\"><div class=\"uagb-container-inner-blocks-wrap\">\n<div class=\"wp-block-uagb-info-box uagb-block-9504fce7 uagb-infobox__content-wrap  uagb-infobox-icon-above-title uagb-infobox-image-valign-top\"><div class=\"uagb-ifb-content\"><div class=\"uagb-ifb-title-wrap\"><span class=\"uagb-ifb-title-prefix\">Unsere Leistungen:<\/span><h1 class=\"uagb-ifb-title\">Professioneller Transport von k\u00fchlpflichtigen G\u00fctern<\/h1><\/div><\/div><\/div>\n\n\n\n<div class=\"wp-block-uagb-image alignright uagb-block-72737505 wp-block-uagb-image--layout-default wp-block-uagb-image--effect-static wp-block-uagb-image--align-right\"><figure class=\"wp-block-uagb-image__figure\"><img loading=\"lazy\" decoding=\"async\" srcset=\"https:\/\/teitra.wabenwelt.eu\/wp-content\/uploads\/2024\/08\/cars-on-road-during-night-2694920.jpeg ,https:\/\/teitra.wabenwelt.eu\/wp-content\/uploads\/2024\/08\/cars-on-road-during-night-2694920.jpeg 780w, https:\/\/teitra.wabenwelt.eu\/wp-content\/uploads\/2024\/08\/cars-on-road-during-night-2694920.jpeg 360w\" sizes=\"auto, (max-width: 480px) 150px\" src=\"https:\/\/teitra.wabenwelt.eu\/wp-content\/uploads\/2024\/08\/cars-on-road-during-night-2694920.jpeg\" alt=\"\" class=\"uag-image-1007\" width=\"550\" height=\"360\" title=\"\" loading=\"lazy\" role=\"img\"\/><\/figure><\/div>\n<\/div><\/div>\n\n\n\n<div class=\"wp-block-uagb-container uagb-block-ae7e2c88 alignfull uagb-is-root-container\"><div class=\"uagb-container-inner-blocks-wrap\">\n<div class=\"wp-block-uagb-info-box uagb-block-c1feaa41 uagb-infobox__content-wrap  uagb-infobox-icon-above-title uagb-infobox-image-valign-top\"><div class=\"uagb-ifb-content\"><div class=\"uagb-ifb-title-wrap\"><span class=\"uagb-ifb-title-prefix\">Transportdienstleistungen<\/span><h2 class=\"uagb-ifb-title\">Unsere Transportleistungen im \u00dcberblick<\/h2><\/div><\/div><\/div>\n\n\n\n<div class=\"wp-block-uagb-container uagb-block-45ff5a30 default uagb-is-root-container\">\n<div class=\"wp-block-uagb-container uagb-block-9d825de4\">\n<div class=\"wp-block-uagb-info-box uagb-block-bf165b02 uagb-infobox__content-wrap  uagb-infobox-icon-above-title uagb-infobox-image-valign-top\"><div class=\"uagb-ifb-content\"><div class=\"uagb-ifb-title-wrap\"><span class=\"uagb-ifb-title-prefix\">01<\/span><h3 class=\"uagb-ifb-title\">K\u00fchltransport<\/h3><\/div><p class=\"uagb-ifb-desc\">Unsere K\u00fchlfahrzeuge gew\u00e4hrleisten die zuverl\u00e4ssige und sichere K\u00fchlung Ihrer Fracht w\u00e4hrend des Transports. Wir bieten ma\u00dfgeschneiderte L\u00f6sungen f\u00fcr temperatursensible G\u00fcter an.<\/p><\/div><\/div>\n<\/div>\n\n\n\n<div class=\"wp-block-uagb-container uagb-block-18f082cc\">\n<figure class=\"wp-block-image size-large alignright\"><img fetchpriority=\"high\" decoding=\"async\" width=\"1024\" height=\"683\" src=\"https:\/\/teitra.wabenwelt.eu\/wp-content\/uploads\/2024\/09\/truck-8656658_1920-1024x683.jpg\" alt=\"\" class=\"wp-image-1027\" srcset=\"https:\/\/teitra.wabenwelt.eu\/wp-content\/uploads\/2024\/09\/truck-8656658_1920-1024x683.jpg 1024w, https:\/\/teitra.wabenwelt.eu\/wp-content\/uploads\/2024\/09\/truck-8656658_1920-300x200.jpg 300w, https:\/\/teitra.wabenwelt.eu\/wp-content\/uploads\/2024\/09\/truck-8656658_1920-768x512.jpg 768w, https:\/\/teitra.wabenwelt.eu\/wp-content\/uploads\/2024\/09\/truck-8656658_1920-1536x1024.jpg 1536w, https:\/\/teitra.wabenwelt.eu\/wp-content\/uploads\/2024\/09\/truck-8656658_1920.jpg 1920w\" sizes=\"(max-width: 1024px) 100vw, 1024px\" \/><\/figure>\n<\/div>\n<\/div>\n\n\n\n<div class=\"wp-block-uagb-container uagb-block-61779659 default uagb-is-root-container\">\n<div class=\"wp-block-uagb-container uagb-block-1d000374\">\n<div class=\"wp-block-uagb-image alignleft uagb-block-d4cb129c wp-block-uagb-image--layout-default wp-block-uagb-image--effect-static wp-block-uagb-image--align-left\"><figure class=\"wp-block-uagb-image__figure\"><img loading=\"lazy\" decoding=\"async\" srcset=\"https:\/\/teitra.wabenwelt.eu\/wp-content\/uploads\/2024\/08\/parked-trucks-under-clouds-2348359.jpeg ,https:\/\/teitra.wabenwelt.eu\/wp-content\/uploads\/2024\/08\/parked-trucks-under-clouds-2348359.jpeg 780w, https:\/\/teitra.wabenwelt.eu\/wp-content\/uploads\/2024\/08\/parked-trucks-under-clouds-2348359.jpeg 360w\" sizes=\"auto, (max-width: 480px) 150px\" src=\"https:\/\/teitra.wabenwelt.eu\/wp-content\/uploads\/2024\/08\/parked-trucks-under-clouds-2348359.jpeg\" alt=\"\" class=\"uag-image-1005\" width=\"600\" height=\"450\" title=\"\" loading=\"lazy\" role=\"img\"\/><\/figure><\/div>\n<\/div>\n\n\n\n<div class=\"wp-block-uagb-container uagb-block-517bcd3c\">\n<div class=\"wp-block-uagb-info-box uagb-block-df76df9f uagb-infobox__content-wrap  uagb-infobox-icon-above-title uagb-infobox-image-valign-top\"><div class=\"uagb-ifb-content\"><div class=\"uagb-ifb-title-wrap\"><span class=\"uagb-ifb-title-prefix\">02<\/span><h3 class=\"uagb-ifb-title\">Temperatur\u00fcberwachung<\/h3><\/div><p class=\"uagb-ifb-desc\">Neueste K\u00fchltechnologien und erfahrene Fahrer sorgen daf\u00fcr, dass Ihre Waren stets unter idealen Bedingungen transportiert werden. Verlassen Sie sich auf unsere exzellenten Serviceleistungen.<\/p><\/div><\/div>\n<\/div>\n<\/div>\n\n\n\n<div class=\"wp-block-uagb-container uagb-block-dc83cae3 default uagb-is-root-container\">\n<div class=\"wp-block-uagb-container uagb-block-cdfc11bd\">\n<div class=\"wp-block-uagb-info-box uagb-block-e47a2e59 uagb-infobox__content-wrap  uagb-infobox-icon-above-title uagb-infobox-image-valign-top\"><div class=\"uagb-ifb-content\"><div class=\"uagb-ifb-title-wrap\"><span class=\"uagb-ifb-title-prefix\">03<\/span><h3 class=\"uagb-ifb-title\">Expresslieferung<\/h3><\/div><p class=\"uagb-ifb-desc\">Unser breites Netzwerk an Partnern erm\u00f6glicht es uns, Ihre k\u00fchlpflichtigen G\u00fcter termingerecht an ihr Ziel zu bringen. Wir bieten flexible Transportoptionen f\u00fcr unterschiedliche Anforderungen an.<\/p><\/div><\/div>\n<\/div>\n\n\n\n<div class=\"wp-block-uagb-container uagb-block-ecc761d4\">\n<figure class=\"wp-block-image size-large alignright\"><img decoding=\"async\" width=\"1024\" height=\"675\" src=\"https:\/\/teitra.wabenwelt.eu\/wp-content\/uploads\/2024\/09\/euro-pallets-1160809_1280-1024x675.jpg\" alt=\"\" class=\"wp-image-1028\" srcset=\"https:\/\/teitra.wabenwelt.eu\/wp-content\/uploads\/2024\/09\/euro-pallets-1160809_1280-1024x675.jpg 1024w, https:\/\/teitra.wabenwelt.eu\/wp-content\/uploads\/2024\/09\/euro-pallets-1160809_1280-300x198.jpg 300w, https:\/\/teitra.wabenwelt.eu\/wp-content\/uploads\/2024\/09\/euro-pallets-1160809_1280-768x506.jpg 768w, https:\/\/teitra.wabenwelt.eu\/wp-content\/uploads\/2024\/09\/euro-pallets-1160809_1280.jpg 1280w\" sizes=\"(max-width: 1024px) 100vw, 1024px\" \/><\/figure>\n<\/div>\n<\/div>\n<\/div><\/div>\n\n\n\n<div class=\"wp-block-uagb-container uagb-block-0d4c4cac alignfull uagb-is-root-container\"><div class=\"uagb-container-inner-blocks-wrap\">\n<div class=\"wp-block-uagb-container uagb-block-d9e8ac08 default uagb-is-root-container\">\n<div class=\"wp-block-uagb-info-box uagb-block-81b221ee uagb-infobox__content-wrap  uagb-infobox-icon-above-title uagb-infobox-image-valign-top\"><div class=\"uagb-ifb-content\"><div class=\"uagb-ifb-title-wrap\"><span class=\"uagb-ifb-title-prefix\">Bleiben Sie informiert<\/span><h3 class=\"uagb-ifb-title\">Abonnieren Sie unseren Newsletter f\u00fcr Neuigkeiten und Angebote rund um unseren K\u00fchlservice.<\/h3><\/div><\/div><\/div>\n\n\n\n<div class=\"wp-block-uagb-buttons uagb-buttons__outer-wrap uagb-btn__default-btn uagb-btn-tablet__default-btn uagb-btn-mobile__default-btn uagb-block-a954ba68\"><div class=\"uagb-buttons__wrap uagb-buttons-layout-wrap \">\n<div class=\"wp-block-uagb-buttons-child uagb-buttons__outer-wrap uagb-block-dfff009f wp-block-button\"><div class=\"uagb-button__wrapper\"><a class=\"uagb-buttons-repeater wp-block-button__link\" aria-label=\"\" href=\"\/contact\/\" rel=\"follow noopener\" target=\"_self\"><div class=\"uagb-button__link\">Mehr erfahren<\/div><\/a><\/div><\/div>\n<\/div><\/div>\n\n\n\n<div class=\"wp-block-uagb-advanced-heading uagb-block-caf4386c\"><div class=\"uagb-heading-text\">oder rufen Sie uns an unter:<\/div><\/div>\n\n\n\n<div class=\"wp-block-uagb-advanced-heading uagb-block-95575272\"><h3 class=\"uagb-heading-text\">040 \/ 52 57 00 69<\/h3><\/div>\n<\/div>\n<\/div><\/div>\n","protected":false},"excerpt":{"rendered":"","protected":false},"author":4,"featured_media":0,"parent":0,"menu_order":0,"comment_status":"closed","ping_status":"closed","template":"","meta":{"_uag_custom_page_level_css":"","site-sidebar-layout":"no-sidebar","site-content-layout":"plain-container","ast-site-content-layout":"full-width-container","site-content-style":"unboxed","site-sidebar-style":"unboxed","ast-global-header-display":"","ast-banner-title-visibility":"","ast-main-header-display":"","ast-hfb-above-header-display":"","ast-hfb-below-header-display":"","ast-hfb-mobile-header-display":"","site-post-title":"disabled","ast-breadcrumbs-content":"","ast-featured-img":"","footer-sml-layout":"","ast-disable-related-posts":"","theme-transparent-header-meta":"default","adv-header-id-meta":"","stick-header-meta":"","header-above-stick-meta":"","header-main-stick-meta":"","header-below-stick-meta":"","astra-migrate-meta-layouts":"set","ast-page-background-enabled":"default","ast-page-background-meta":{"desktop":{"background-color":"var(--ast-global-color-4)","background-image":"","background-repeat":"repeat","background-position":"center center","background-size":"auto","background-attachment":"scroll","background-type":"","background-media":"","overlay-type":"","overlay-color":"","overlay-opacity":"","overlay-gradient":""},"tablet":{"background-color":"","background-image":"","background-repeat":"repeat","background-position":"center center","background-size":"auto","background-attachment":"scroll","background-type":"","background-media":"","overlay-type":"","overlay-color":"","overlay-opacity":"","overlay-gradient":""},"mobile":{"background-color":"","background-image":"","background-repeat":"repeat","background-position":"center center","background-size":"auto","background-attachment":"scroll","background-type":"","background-media":"","overlay-type":"","overlay-color":"","overlay-opacity":"","overlay-gradient":""}},"ast-content-background-meta":{"desktop":{"background-color":"var(--ast-global-color-5)","background-image":"","background-repeat":"repeat","background-position":"center center","background-size":"auto","background-attachment":"scroll","background-type":"","background-media":"","overlay-type":"","overlay-color":"","overlay-opacity":"","overlay-gradient":""},"tablet":{"background-color":"var(--ast-global-color-5)","background-image":"","background-repeat":"repeat","background-position":"center center","background-size":"auto","background-attachment":"scroll","background-type":"","background-media":"","overlay-type":"","overlay-color":"","overlay-opacity":"","overlay-gradient":""},"mobile":{"background-color":"var(--ast-global-color-5)","background-image":"","background-repeat":"repeat","background-position":"center center","background-size":"auto","background-attachment":"scroll","background-type":"","background-media":"","overlay-type":"","overlay-color":"","overlay-opacity":"","overlay-gradient":""}},"footnotes":""},"class_list":["post-45","page","type-page","status-publish","hentry"],"uagb_featured_image_src":{"full":false,"thumbnail":false,"medium":false,"medium_large":false,"large":false,"1536x1536":false,"2048x2048":false},"uagb_author_info":{"display_name":"ocjugnvd3xlb","author_link":"https:\/\/teitra.wabenwelt.eu\/?author=4"},"uagb_comment_info":0,"uagb_excerpt":null,"_links":{"self":[{"href":"https:\/\/teitra.wabenwelt.eu\/index.php?rest_route=\/wp\/v2\/pages\/45","targetHints":{"allow":["GET"]}}],"collection":[{"href":"https:\/\/teitra.wabenwelt.eu\/index.php?rest_route=\/wp\/v2\/pages"}],"about":[{"href":"https:\/\/teitra.wabenwelt.eu\/index.php?rest_route=\/wp\/v2\/types\/page"}],"author":[{"embeddable":true,"href":"https:\/\/teitra.wabenwelt.eu\/index.php?rest_route=\/wp\/v2\/users\/4"}],"replies":[{"embeddable":true,"href":"https:\/\/teitra.wabenwelt.eu\/index.php?rest_route=%2Fwp%2Fv2%2Fcomments&post=45"}],"version-history":[{"count":3,"href":"https:\/\/teitra.wabenwelt.eu\/index.php?rest_route=\/wp\/v2\/pages\/45\/revisions"}],"predecessor-version":[{"id":1030,"href":"https:\/\/teitra.wabenwelt.eu\/index.php?rest_route=\/wp\/v2\/pages\/45\/revisions\/1030"}],"wp:attachment":[{"href":"https:\/\/teitra.wabenwelt.eu\/index.php?rest_route=%2Fwp%2Fv2%2Fmedia&parent=45"}],"curies":[{"name":"wp","href":"https:\/\/api.w.org\/{rel}","templated":true}]}}